{"id":6993,"date":"2025-07-03T23:14:10","date_gmt":"2025-07-03T21:14:10","guid":{"rendered":"http:\/\/aro-teq.com\/?page_id=6993"},"modified":"2025-07-03T23:29:52","modified_gmt":"2025-07-03T21:29:52","slug":"solutions-automatisee","status":"publish","type":"page","link":"https:\/\/aro-teq.com\/index.php\/solutions-automatisee\/","title":{"rendered":"Solutions automatis\u00e9e"},"content":{"rendered":"\t\t<div data-elementor-type=\"wp-page\" data-elementor-id=\"6993\" class=\"elementor elementor-6993\">\n\t\t\t\t\t\t<section class=\"elementor-section elementor-top-section elementor-element elementor-element-6dd5e545 elementor-section-boxed elementor-section-height-default elementor-section-height-default\" data-id=\"6dd5e545\" data-element_type=\"section\" data-e-type=\"section\">\n\t\t\t\t\t\t<div class=\"elementor-container elementor-column-gap-no\">\n\t\t\t\t\t<div class=\"elementor-column elementor-col-100 elementor-top-column elementor-element elementor-element-35934f08\" data-id=\"35934f08\" data-element_type=\"column\" data-e-type=\"column\">\n\t\t\t<div class=\"elementor-widget-wrap elementor-element-populated\">\n\t\t\t\t\t\t<div class=\"elementor-element elementor-element-87b592e elementor-widget elementor-widget-heading\" data-id=\"87b592e\" data-element_type=\"widget\" data-e-type=\"widget\" data-widget_type=\"heading.default\">\n\t\t\t\t\t<h2 class=\"elementor-heading-title elementor-size-default\">Solutions automatis\u00e9e<\/h2>\t\t\t\t<\/div>\n\t\t\t\t<div class=\"elementor-element elementor-element-89ab21a elementor-widget elementor-widget-image\" data-id=\"89ab21a\" data-element_type=\"widget\" data-e-type=\"widget\" data-widget_type=\"image.default\">\n\t\t\t\t\t\t\t\t\t\t\t\t\t\t\t<img fetchpriority=\"high\" decoding=\"async\" width=\"1066\" height=\"615\" src=\"https:\/\/aro-teq.com\/wp-content\/uploads\/2025\/07\/industrie-4.jpg.webp\" class=\"attachment-full size-full wp-image-6940\" alt=\"\" srcset=\"https:\/\/aro-teq.com\/wp-content\/uploads\/2025\/07\/industrie-4.jpg.webp 1066w, https:\/\/aro-teq.com\/wp-content\/uploads\/2025\/07\/industrie-4.jpg-300x173.webp 300w, https:\/\/aro-teq.com\/wp-content\/uploads\/2025\/07\/industrie-4.jpg-1024x591.webp 1024w, https:\/\/aro-teq.com\/wp-content\/uploads\/2025\/07\/industrie-4.jpg-600x346.webp 600w\" sizes=\"100vw\" \/>\t\t\t\t\t\t\t\t\t\t\t\t\t\t\t<\/div>\n\t\t\t\t<section class=\"elementor-section elementor-inner-section elementor-element elementor-element-7a19ee1 elementor-section-full_width elementor-section-height-default elementor-section-height-default\" data-id=\"7a19ee1\" data-element_type=\"section\" data-e-type=\"section\">\n\t\t\t\t\t\t<div class=\"elementor-container elementor-column-gap-no\">\n\t\t\t\t\t<div class=\"elementor-column elementor-col-100 elementor-inner-column elementor-element elementor-element-371c4441\" data-id=\"371c4441\" data-element_type=\"column\" data-e-type=\"column\">\n\t\t\t<div class=\"elementor-widget-wrap elementor-element-populated\">\n\t\t\t\t\t\t<div class=\"elementor-element elementor-element-14e4796c elementor-widget elementor-widget-text-editor\" data-id=\"14e4796c\" data-element_type=\"widget\" data-e-type=\"widget\" data-widget_type=\"text-editor.default\">\n\t\t\t\t\t\t\t\t\t<h2><strong>La Solution Automatis\u00e9e sur Mesure selon AROTEQ<\/strong><\/h2><p>Chez <strong>AROTEQ<\/strong>, chaque solution est pens\u00e9e comme une r\u00e9ponse strat\u00e9gique et personnalis\u00e9e aux enjeux industriels de nos clients.<br \/>Nous partons d\u2019une analyse fine des processus existants pour concevoir des \u00e9quipements intelligents : machines sp\u00e9ciales, cellules robotis\u00e9es ou lignes automatis\u00e9es, int\u00e9grant m\u00e9catronique, robotique, supervision et contr\u00f4le qualit\u00e9.<br \/>Gr\u00e2ce \u00e0 notre ma\u00eetrise compl\u00e8te des technologies embarqu\u00e9es \u2014 automates, IHM, cobots, vision industrielle, connectivit\u00e9 avec ERP\/MES \u2014 nous livrons des syst\u00e8mes performants, \u00e9volutifs et s\u00fbrs.<br \/>Notre approche allie agilit\u00e9, rigueur et innovation, avec des tests en atelier, des validations \u00e9tape par \u00e9tape, et un transfert de comp\u00e9tences complet.<br \/>R\u00e9sultat : un gain tangible en productivit\u00e9, qualit\u00e9 et s\u00e9curit\u00e9, avec un retour sur investissement mesurable d\u00e8s les premi\u00e8res semaines de mise en service.<\/p><p><!--EndFragment --><\/p>\t\t\t\t\t\t\t\t<\/div>\n\t\t\t\t\t<\/div>\n\t\t<\/div>\n\t\t\t\t\t<\/div>\n\t\t<\/section>\n\t\t\t\t\t<\/div>\n\t\t<\/div>\n\t\t\t\t\t<\/div>\n\t\t<\/section>\n\t\t<div class=\"elementor-element elementor-element-8b7b578 e-flex e-con-boxed e-con e-parent\" data-id=\"8b7b578\" data-element_type=\"container\" data-e-type=\"container\">\n\t\t\t\t\t<div class=\"e-con-inner\">\n\t\t\t\t<div class=\"elementor-element elementor-element-f4cd5f2 elementor-absolute elementor-widget elementor-widget-image\" data-id=\"f4cd5f2\" data-element_type=\"widget\" data-e-type=\"widget\" data-settings=\"{&quot;_position&quot;:&quot;absolute&quot;}\" data-widget_type=\"image.default\">\n\t\t\t\t\t\t\t\t\t\t\t\t\t\t\t<img decoding=\"async\" width=\"2560\" height=\"1920\" src=\"https:\/\/aro-teq.com\/wp-content\/uploads\/2025\/07\/20240418_195116379_iOS-1-scaled.jpg\" class=\"attachment-full size-full wp-image-7002\" alt=\"\" srcset=\"https:\/\/aro-teq.com\/wp-content\/uploads\/2025\/07\/20240418_195116379_iOS-1-scaled.jpg 2560w, https:\/\/aro-teq.com\/wp-content\/uploads\/2025\/07\/20240418_195116379_iOS-1-300x225.jpg 300w, https:\/\/aro-teq.com\/wp-content\/uploads\/2025\/07\/20240418_195116379_iOS-1-1024x768.jpg 1024w, https:\/\/aro-teq.com\/wp-content\/uploads\/2025\/07\/20240418_195116379_iOS-1-2000x1500.jpg 2000w, https:\/\/aro-teq.com\/wp-content\/uploads\/2025\/07\/20240418_195116379_iOS-1-scaled-1536x1152.jpg 1536w, https:\/\/aro-teq.com\/wp-content\/uploads\/2025\/07\/20240418_195116379_iOS-1-scaled-2048x1536.jpg 2048w, https:\/\/aro-teq.com\/wp-content\/uploads\/2025\/07\/20240418_195116379_iOS-1-scaled-600x450.jpg 600w, https:\/\/aro-teq.com\/wp-content\/uploads\/2025\/07\/20240418_195116379_iOS-1-scaled-1200x900.jpg 1200w\" sizes=\"100vw\" \/>\t\t\t\t\t\t\t\t\t\t\t\t\t\t\t<\/div>\n\t\t\t\t\t<\/div>\n\t\t\t\t<\/div>\n\t\t\t\t<\/div>\n\t\t","protected":false},"excerpt":{"rendered":"<p>Solutions automatis\u00e9e La Solution Automatis\u00e9e sur Mesure selon AROTEQ Chez AROTEQ, chaque solution est pens\u00e9e comme une r\u00e9ponse strat\u00e9gique et personnalis\u00e9e aux enjeux industriels de nos clients.Nous partons d\u2019une analyse fine des processus existants pour concevoir des \u00e9quipements intelligents : machines sp\u00e9ciales, cellules robotis\u00e9es ou lignes automatis\u00e9es, int\u00e9grant m\u00e9catronique, robotique, supervision et contr\u00f4le qualit\u00e9.Gr\u00e2ce \u00e0 &hellip; <\/p>\n<p class=\"link-more\"><a href=\"https:\/\/aro-teq.com\/index.php\/solutions-automatisee\/\" class=\"more-link\">Lire la suite de<span class=\"screen-reader-text\">\u00ab\u00a0Solutions automatis\u00e9e\u00a0\u00bb<\/span><\/a><\/p>\n","protected":false},"author":1,"featured_media":0,"parent":0,"menu_order":0,"comment_status":"closed","ping_status":"closed","template":"page-templates\/full-width-builder-bb.php","meta":{"inspiro_hide_title":false,"footnotes":""},"class_list":["post-6993","page","type-page","status-publish","hentry"],"featured_media_urls":[],"_links":{"self":[{"href":"https:\/\/aro-teq.com\/index.php\/wp-json\/wp\/v2\/pages\/6993","targetHints":{"allow":["GET"]}}],"collection":[{"href":"https:\/\/aro-teq.com\/index.php\/wp-json\/wp\/v2\/pages"}],"about":[{"href":"https:\/\/aro-teq.com\/index.php\/wp-json\/wp\/v2\/types\/page"}],"author":[{"embeddable":true,"href":"https:\/\/aro-teq.com\/index.php\/wp-json\/wp\/v2\/users\/1"}],"replies":[{"embeddable":true,"href":"https:\/\/aro-teq.com\/index.php\/wp-json\/wp\/v2\/comments?post=6993"}],"version-history":[{"count":14,"href":"https:\/\/aro-teq.com\/index.php\/wp-json\/wp\/v2\/pages\/6993\/revisions"}],"predecessor-version":[{"id":7023,"href":"https:\/\/aro-teq.com\/index.php\/wp-json\/wp\/v2\/pages\/6993\/revisions\/7023"}],"wp:attachment":[{"href":"https:\/\/aro-teq.com\/index.php\/wp-json\/wp\/v2\/media?parent=6993"}],"curies":[{"name":"wp","href":"https:\/\/api.w.org\/{rel}","templated":true}]}}