{"id":6809,"date":"2016-12-05T09:17:34","date_gmt":"2016-12-05T09:17:34","guid":{"rendered":"https:\/\/demo.wpzoom.com\/inspiro\/?page_id=5592"},"modified":"2025-10-10T01:08:38","modified_gmt":"2025-10-09T23:08:38","slug":"ingenierie-et-expertise","status":"publish","type":"page","link":"https:\/\/aro-teq.com\/index.php\/ingenierie-et-expertise\/","title":{"rendered":"ing\u00e9nierie et expertise"},"content":{"rendered":"\t\t<div data-elementor-type=\"wp-page\" data-elementor-id=\"6809\" class=\"elementor elementor-6809\">\n\t\t\t\t\t\t<section class=\"elementor-section elementor-top-section elementor-element elementor-element-6d913a4a elementor-section-full_width elementor-section-stretched elementor-section-height-min-height elementor-section-height-default elementor-section-items-middle\" data-id=\"6d913a4a\" data-element_type=\"section\" data-e-type=\"section\" data-settings=\"{&quot;background_background&quot;:&quot;classic&quot;,&quot;stretch_section&quot;:&quot;section-stretched&quot;}\">\n\t\t\t\t\t\t\t<div class=\"elementor-background-overlay\"><\/div>\n\t\t\t\t\t\t\t<div class=\"elementor-container elementor-column-gap-no\">\n\t\t\t\t\t<div class=\"elementor-column elementor-col-100 elementor-top-column elementor-element elementor-element-bd933c9\" data-id=\"bd933c9\" data-element_type=\"column\" data-e-type=\"column\">\n\t\t\t<div class=\"elementor-widget-wrap elementor-element-populated\">\n\t\t\t\t\t\t<section class=\"elementor-section elementor-inner-section elementor-element elementor-element-674975e3 elementor-section-boxed elementor-section-height-default elementor-section-height-default\" data-id=\"674975e3\" data-element_type=\"section\" data-e-type=\"section\">\n\t\t\t\t\t\t<div class=\"elementor-container elementor-column-gap-default\">\n\t\t\t\t\t<div class=\"elementor-column elementor-col-100 elementor-inner-column elementor-element elementor-element-7ef9eefc\" data-id=\"7ef9eefc\" data-element_type=\"column\" data-e-type=\"column\">\n\t\t\t<div class=\"elementor-widget-wrap\">\n\t\t\t\t\t\t\t<\/div>\n\t\t<\/div>\n\t\t\t\t\t<\/div>\n\t\t<\/section>\n\t\t\t\t<div class=\"elementor-element elementor-element-373483e1 elementor-widget elementor-widget-heading\" data-id=\"373483e1\" data-element_type=\"widget\" data-e-type=\"widget\" data-widget_type=\"heading.default\">\n\t\t\t\t\t<h2 class=\"elementor-heading-title elementor-size-default\">Pourquoi choisir AROTEQ ?<\/h2>\t\t\t\t<\/div>\n\t\t\t\t<div class=\"elementor-element elementor-element-5f027cc elementor-widget elementor-widget-text-editor\" data-id=\"5f027cc\" data-element_type=\"widget\" data-e-type=\"widget\" data-widget_type=\"text-editor.default\">\n\t\t\t\t\t\t\t\t\t<ul><li><strong>\u00a0 \u00a0 Ing\u00e9nierie int\u00e9gr\u00e9e<\/strong> : AROTEQ ma\u00eetrise l\u2019ensemble du cycle de d\u00e9veloppement \u2014 de la conception m\u00e9canique \u00e0 l\u2019automatisation, en passant par l\u2019\u00e9lectrotechnique et le d\u00e9veloppement logiciel. Cette approche transversale garantit des solutions coh\u00e9rentes, performantes et \u00e9volutives.<\/li><li><strong>Expertise sectorielle<\/strong> : Gr\u00e2ce \u00e0 une exp\u00e9rience solide dans les secteurs de l\u2019automobile, de l\u2019\u00e9lectronique, de la sant\u00e9 et de l\u2019\u00e9nergie, l\u2019\u00e9quipe sait adapter ses solutions aux exigences sp\u00e9cifiques de chaque client.<\/li><li><strong>Innovation continue<\/strong> : L\u2019entreprise investit dans la R&amp;D, les nouvelles technologies (robotique collaborative, vision industrielle, industrie 5.0) et la formation de ses talents pour rester \u00e0 la pointe.<\/li><li><strong>M\u00e9thodologie rigoureuse<\/strong> : Chaque projet est pilot\u00e9 selon une d\u00e9marche qualit\u00e9 structur\u00e9e, combinant agilit\u00e9 et pr\u00e9dictif, avec des livrables valid\u00e9s \u00e0 chaque \u00e9tape<\/li><li style=\"list-style-type: none;\"><ul><li style=\"list-style-type: none;\"><ul><li style=\"list-style-type: none;\"><ul><li style=\"list-style-type: none;\">\u00a0<\/li><\/ul><\/li><\/ul><\/li><\/ul><\/li><\/ul>\t\t\t\t\t\t\t\t<\/div>\n\t\t\t\t\t<\/div>\n\t\t<\/div>\n\t\t\t\t\t<\/div>\n\t\t<\/section>\n\t\t\t\t<section class=\"elementor-section elementor-top-section elementor-element elementor-element-32cc1523 elementor-section-full_width elementor-section-stretched elementor-section-height-default elementor-section-height-default\" data-id=\"32cc1523\" data-element_type=\"section\" data-e-type=\"section\" data-settings=\"{&quot;stretch_section&quot;:&quot;section-stretched&quot;}\">\n\t\t\t\t\t\t<div class=\"elementor-container elementor-column-gap-default\">\n\t\t\t\t\t<div class=\"elementor-column elementor-col-100 elementor-top-column elementor-element elementor-element-7f5acc2a\" data-id=\"7f5acc2a\" data-element_type=\"column\" data-e-type=\"column\" data-settings=\"{&quot;background_background&quot;:&quot;classic&quot;}\">\n\t\t\t<div class=\"elementor-widget-wrap elementor-element-populated\">\n\t\t\t\t\t\t<div class=\"elementor-element elementor-element-17a4e8a elementor-widget elementor-widget-video\" data-id=\"17a4e8a\" data-element_type=\"widget\" data-e-type=\"widget\" data-settings=\"{&quot;video_type&quot;:&quot;hosted&quot;,&quot;controls&quot;:&quot;yes&quot;}\" data-widget_type=\"video.default\">\n\t\t\t\t\t\t\t<div class=\"e-hosted-video elementor-wrapper elementor-open-inline\">\n\t\t\t\t\t<video class=\"elementor-video\" src=\"http:\/\/aro-teq.com\/wp-content\/uploads\/2025\/07\/20231005_142117000_iOS.mov\" controls=\"\" preload=\"metadata\" controlsList=\"nodownload\"><\/video>\n\t\t\t\t<\/div>\n\t\t\t\t\t\t<\/div>\n\t\t\t\t<div class=\"elementor-element elementor-element-6a7652be elementor-widget elementor-widget-heading\" data-id=\"6a7652be\" data-element_type=\"widget\" data-e-type=\"widget\" data-widget_type=\"heading.default\">\n\t\t\t\t\t<h2 class=\"elementor-heading-title elementor-size-default\">contactez Nous<\/h2>\t\t\t\t<\/div>\n\t\t\t\t<div class=\"elementor-element elementor-element-48d75f7a elementor-widget-tablet__width-inherit elementor-widget-mobile__width-inherit elementor-widget elementor-widget-text-editor\" data-id=\"48d75f7a\" data-element_type=\"widget\" data-e-type=\"widget\" data-widget_type=\"text-editor.default\">\n\t\t\t\t\t\t\t\t\t<p><em>1 Gibfield Park Ave Atherton Manchester M46 0SU<\/em><\/p>\t\t\t\t\t\t\t\t<\/div>\n\t\t\t\t<div class=\"elementor-element elementor-element-64b5a347 elementor-widget elementor-widget-google_maps\" data-id=\"64b5a347\" data-element_type=\"widget\" data-e-type=\"widget\" data-widget_type=\"google_maps.default\">\n\t\t\t\t\t\t\t<div class=\"elementor-custom-embed\">\n\t\t\t<iframe loading=\"lazy\"\n\t\t\t\t\tsrc=\"https:\/\/maps.google.com\/maps?q=1%20Gibfield%20Park%20Ave%20Atherton%20Manchester%20M46%200SU&#038;t=m&#038;z=16&#038;output=embed&#038;iwloc=near\"\n\t\t\t\t\ttitle=\"1 Gibfield Park Ave Atherton Manchester M46 0SU\"\n\t\t\t\t\taria-label=\"1 Gibfield Park Ave Atherton Manchester M46 0SU\"\n\t\t\t><\/iframe>\n\t\t<\/div>\n\t\t\t\t\t\t<\/div>\n\t\t\t\t\t<\/div>\n\t\t<\/div>\n\t\t\t\t\t<\/div>\n\t\t<\/section>\n\t\t\t\t<\/div>\n\t\t","protected":false},"excerpt":{"rendered":"<p>Pourquoi choisir AROTEQ ? \u00a0 \u00a0 Ing\u00e9nierie int\u00e9gr\u00e9e : AROTEQ ma\u00eetrise l\u2019ensemble du cycle de d\u00e9veloppement \u2014 de la conception m\u00e9canique \u00e0 l\u2019automatisation, en passant par l\u2019\u00e9lectrotechnique et le d\u00e9veloppement logiciel. Cette approche transversale garantit des solutions coh\u00e9rentes, performantes et \u00e9volutives. Expertise sectorielle : Gr\u00e2ce \u00e0 une exp\u00e9rience solide dans les secteurs de l\u2019automobile, de &hellip; <\/p>\n<p class=\"link-more\"><a href=\"https:\/\/aro-teq.com\/index.php\/ingenierie-et-expertise\/\" class=\"more-link\">Lire la suite de<span class=\"screen-reader-text\">\u00ab\u00a0ing\u00e9nierie et expertise\u00a0\u00bb<\/span><\/a><\/p>\n","protected":false},"author":1,"featured_media":0,"parent":0,"menu_order":0,"comment_status":"closed","ping_status":"closed","template":"","meta":{"inspiro_hide_title":false,"footnotes":""},"class_list":["post-6809","page","type-page","status-publish","hentry"],"featured_media_urls":[],"_links":{"self":[{"href":"https:\/\/aro-teq.com\/index.php\/wp-json\/wp\/v2\/pages\/6809","targetHints":{"allow":["GET"]}}],"collection":[{"href":"https:\/\/aro-teq.com\/index.php\/wp-json\/wp\/v2\/pages"}],"about":[{"href":"https:\/\/aro-teq.com\/index.php\/wp-json\/wp\/v2\/types\/page"}],"author":[{"embeddable":true,"href":"https:\/\/aro-teq.com\/index.php\/wp-json\/wp\/v2\/users\/1"}],"replies":[{"embeddable":true,"href":"https:\/\/aro-teq.com\/index.php\/wp-json\/wp\/v2\/comments?post=6809"}],"version-history":[{"count":80,"href":"https:\/\/aro-teq.com\/index.php\/wp-json\/wp\/v2\/pages\/6809\/revisions"}],"predecessor-version":[{"id":7136,"href":"https:\/\/aro-teq.com\/index.php\/wp-json\/wp\/v2\/pages\/6809\/revisions\/7136"}],"wp:attachment":[{"href":"https:\/\/aro-teq.com\/index.php\/wp-json\/wp\/v2\/media?parent=6809"}],"curies":[{"name":"wp","href":"https:\/\/api.w.org\/{rel}","templated":true}]}}