{"id":6808,"date":"2016-12-03T15:44:41","date_gmt":"2016-12-03T15:44:41","guid":{"rendered":"https:\/\/demo.wpzoom.com\/inspiro\/?page_id=5574"},"modified":"2025-07-18T15:10:52","modified_gmt":"2025-07-18T13:10:52","slug":"nos-services","status":"publish","type":"page","link":"https:\/\/aro-teq.com\/index.php\/nos-services\/","title":{"rendered":"Nos Services"},"content":{"rendered":"\t\t<div data-elementor-type=\"wp-page\" data-elementor-id=\"6808\" class=\"elementor elementor-6808\">\n\t\t\t\t\t\t<section class=\"elementor-section elementor-top-section elementor-element elementor-element-ae7ec6e elementor-section-boxed elementor-section-height-default elementor-section-height-default\" data-id=\"ae7ec6e\" data-element_type=\"section\" data-e-type=\"section\">\n\t\t\t\t\t\t<div class=\"elementor-container elementor-column-gap-default\">\n\t\t\t\t\t<div class=\"elementor-column elementor-col-100 elementor-top-column elementor-element elementor-element-78ed6bd5\" data-id=\"78ed6bd5\" data-element_type=\"column\" data-e-type=\"column\">\n\t\t\t<div class=\"elementor-widget-wrap\">\n\t\t\t\t\t\t\t<\/div>\n\t\t<\/div>\n\t\t\t\t\t<\/div>\n\t\t<\/section>\n\t\t\t\t<section class=\"elementor-section elementor-top-section elementor-element elementor-element-7d1bb2b3 elementor-section-boxed elementor-section-height-default elementor-section-height-default\" data-id=\"7d1bb2b3\" data-element_type=\"section\" data-e-type=\"section\">\n\t\t\t\t\t\t<div class=\"elementor-container elementor-column-gap-default\">\n\t\t\t\t\t<div class=\"elementor-column elementor-col-33 elementor-top-column elementor-element elementor-element-2712b0ed\" data-id=\"2712b0ed\" data-element_type=\"column\" data-e-type=\"column\" data-settings=\"{&quot;background_background&quot;:&quot;classic&quot;}\">\n\t\t\t<div class=\"elementor-widget-wrap elementor-element-populated\">\n\t\t\t\t\t<div class=\"elementor-background-overlay\"><\/div>\n\t\t\t\t\t\t<div class=\"elementor-element elementor-element-cddbd47 elementor-widget elementor-widget-heading\" data-id=\"cddbd47\" data-element_type=\"widget\" data-e-type=\"widget\" data-widget_type=\"heading.default\">\n\t\t\t\t\t<h2 class=\"elementor-heading-title elementor-size-default\">ing\u00e9nierie  et expertise<\/h2>\t\t\t\t<\/div>\n\t\t\t\t<div class=\"elementor-element elementor-element-6470ee84 elementor-widget elementor-widget-text-editor\" data-id=\"6470ee84\" data-element_type=\"widget\" data-e-type=\"widget\" data-widget_type=\"text-editor.default\">\n\t\t\t\t\t\t\t\t\t<p>Nous sommes des r\u00e9solveurs de probl\u00e8mes. Lorsqu&rsquo;un projet complexe n\u00e9cessite des processus personnalis\u00e9s, notre \u00e9quipe d&rsquo;ing\u00e9nieurs travaille avec vous pour comprendre chaque d\u00e9tail.<\/p>\t\t\t\t\t\t\t\t<\/div>\n\t\t\t\t<div class=\"elementor-element elementor-element-425cafeb elementor-align-center elementor-widget elementor-widget-button\" data-id=\"425cafeb\" data-element_type=\"widget\" data-e-type=\"widget\" data-widget_type=\"button.default\">\n\t\t\t\t\t\t\t\t\t\t<a class=\"elementor-button elementor-button-link elementor-size-md\" href=\"https:\/\/aro-teq.com\/index.php\/ingenierie-et-expertise\/\">\n\t\t\t\t\t\t<span class=\"elementor-button-content-wrapper\">\n\t\t\t\t\t\t\t\t\t<span class=\"elementor-button-text\">Voir plus<\/span>\n\t\t\t\t\t<\/span>\n\t\t\t\t\t<\/a>\n\t\t\t\t\t\t\t\t<\/div>\n\t\t\t\t\t<\/div>\n\t\t<\/div>\n\t\t\t\t<div class=\"elementor-column elementor-col-33 elementor-top-column elementor-element elementor-element-46e00fe\" data-id=\"46e00fe\" data-element_type=\"column\" data-e-type=\"column\" data-settings=\"{&quot;background_background&quot;:&quot;classic&quot;}\">\n\t\t\t<div class=\"elementor-widget-wrap elementor-element-populated\">\n\t\t\t\t\t<div class=\"elementor-background-overlay\"><\/div>\n\t\t\t\t\t\t<div class=\"elementor-element elementor-element-324577b elementor-widget elementor-widget-heading\" data-id=\"324577b\" data-element_type=\"widget\" data-e-type=\"widget\" data-widget_type=\"heading.default\">\n\t\t\t\t\t<h2 class=\"elementor-heading-title elementor-size-default\">Integration Robotique <\/h2>\t\t\t\t<\/div>\n\t\t\t\t<div class=\"elementor-element elementor-element-4dabc19f elementor-widget elementor-widget-text-editor\" data-id=\"4dabc19f\" data-element_type=\"widget\" data-e-type=\"widget\" data-widget_type=\"text-editor.default\">\n\t\t\t\t\t\t\t\t\t<p>L\u2019int\u00e9gration robotique et l\u2019automatisation appartiennent \u00e0 la m\u00eame cat\u00e9gorie. Nous sommes fiers d\u2019\u00eatre le leader du secteur en mati\u00e8re de projets d\u2019int\u00e9gration de robotique collaborative et industrielle.<\/p>\t\t\t\t\t\t\t\t<\/div>\n\t\t\t\t<div class=\"elementor-element elementor-element-6182e157 elementor-align-center elementor-widget elementor-widget-button\" data-id=\"6182e157\" data-element_type=\"widget\" data-e-type=\"widget\" data-widget_type=\"button.default\">\n\t\t\t\t\t\t\t\t\t\t<a class=\"elementor-button elementor-button-link elementor-size-md\" href=\"https:\/\/aro-teq.com\/index.php\/integration-robotique\/\">\n\t\t\t\t\t\t<span class=\"elementor-button-content-wrapper\">\n\t\t\t\t\t\t\t\t\t<span class=\"elementor-button-text\">Voir plus<\/span>\n\t\t\t\t\t<\/span>\n\t\t\t\t\t<\/a>\n\t\t\t\t\t\t\t\t<\/div>\n\t\t\t\t\t<\/div>\n\t\t<\/div>\n\t\t\t\t<div class=\"elementor-column elementor-col-33 elementor-top-column elementor-element elementor-element-ea6e38b\" data-id=\"ea6e38b\" data-element_type=\"column\" data-e-type=\"column\" data-settings=\"{&quot;background_background&quot;:&quot;classic&quot;}\">\n\t\t\t<div class=\"elementor-widget-wrap elementor-element-populated\">\n\t\t\t\t\t<div class=\"elementor-background-overlay\"><\/div>\n\t\t\t\t\t\t<div class=\"elementor-element elementor-element-b4b63fe elementor-widget elementor-widget-heading\" data-id=\"b4b63fe\" data-element_type=\"widget\" data-e-type=\"widget\" data-widget_type=\"heading.default\">\n\t\t\t\t\t<h2 class=\"elementor-heading-title elementor-size-default\">Solutions automatis\u00e9e<\/h2>\t\t\t\t<\/div>\n\t\t\t\t<div class=\"elementor-element elementor-element-65503611 elementor-widget elementor-widget-text-editor\" data-id=\"65503611\" data-element_type=\"widget\" data-e-type=\"widget\" data-widget_type=\"text-editor.default\">\n\t\t\t\t\t\t\t\t\t<p><strong>AROTEQ<\/strong> poss\u00e8de une vaste exp\u00e9rience dans une gamme de solutions d&rsquo;assemblage, allant des stations autonomes assist\u00e9es par op\u00e9rateur aux lignes d&rsquo;assemblage plus grandes, enti\u00e8rement automatis\u00e9es<\/p>\t\t\t\t\t\t\t\t<\/div>\n\t\t\t\t<div class=\"elementor-element elementor-element-3b423c5 elementor-align-center elementor-widget elementor-widget-button\" data-id=\"3b423c5\" data-element_type=\"widget\" data-e-type=\"widget\" data-widget_type=\"button.default\">\n\t\t\t\t\t\t\t\t\t\t<a class=\"elementor-button elementor-button-link elementor-size-md\" href=\"https:\/\/aro-teq.com\/index.php\/solutions-automatisee\/\">\n\t\t\t\t\t\t<span class=\"elementor-button-content-wrapper\">\n\t\t\t\t\t\t\t\t\t<span class=\"elementor-button-text\">Voir plus<\/span>\n\t\t\t\t\t<\/span>\n\t\t\t\t\t<\/a>\n\t\t\t\t\t\t\t\t<\/div>\n\t\t\t\t\t<\/div>\n\t\t<\/div>\n\t\t\t\t\t<\/div>\n\t\t<\/section>\n\t\t\t\t<section class=\"elementor-section elementor-top-section elementor-element elementor-element-15fa8825 elementor-section-boxed elementor-section-height-default elementor-section-height-default\" data-id=\"15fa8825\" data-element_type=\"section\" data-e-type=\"section\">\n\t\t\t\t\t\t<div class=\"elementor-container elementor-column-gap-no\">\n\t\t\t\t\t<div class=\"elementor-column elementor-col-100 elementor-top-column elementor-element elementor-element-28bbf67e\" data-id=\"28bbf67e\" data-element_type=\"column\" data-e-type=\"column\">\n\t\t\t<div class=\"elementor-widget-wrap elementor-element-populated\">\n\t\t\t\t\t\t<div class=\"elementor-element elementor-element-58b47dc5 elementor-widget__width-initial elementor-widget elementor-widget-heading\" data-id=\"58b47dc5\" data-element_type=\"widget\" data-e-type=\"widget\" data-widget_type=\"heading.default\">\n\t\t\t\t\t<h2 class=\"elementor-heading-title elementor-size-default\">Expertise<\/h2>\t\t\t\t<\/div>\n\t\t\t\t<section class=\"elementor-section elementor-inner-section elementor-element elementor-element-21299e04 elementor-section-boxed elementor-section-height-default elementor-section-height-default\" data-id=\"21299e04\" data-element_type=\"section\" data-e-type=\"section\">\n\t\t\t\t\t\t<div class=\"elementor-container elementor-column-gap-default\">\n\t\t\t\t\t<div class=\"elementor-column elementor-col-50 elementor-inner-column elementor-element elementor-element-284080fc\" data-id=\"284080fc\" data-element_type=\"column\" data-e-type=\"column\">\n\t\t\t<div class=\"elementor-widget-wrap elementor-element-populated\">\n\t\t\t\t\t\t<div class=\"elementor-element elementor-element-3569cd00 elementor-widget elementor-widget-heading\" data-id=\"3569cd00\" data-element_type=\"widget\" data-e-type=\"widget\" data-widget_type=\"heading.default\">\n\t\t\t\t\t<span class=\"elementor-heading-title elementor-size-default\">Plus 120 projets<\/span>\t\t\t\t<\/div>\n\t\t\t\t\t<\/div>\n\t\t<\/div>\n\t\t\t\t<div class=\"elementor-column elementor-col-50 elementor-inner-column elementor-element elementor-element-351e3e43\" data-id=\"351e3e43\" data-element_type=\"column\" data-e-type=\"column\">\n\t\t\t<div class=\"elementor-widget-wrap elementor-element-populated\">\n\t\t\t\t\t\t<div class=\"elementor-element elementor-element-3cb8af80 elementor-widget__width-initial elementor-widget elementor-widget-heading\" data-id=\"3cb8af80\" data-element_type=\"widget\" data-e-type=\"widget\" data-widget_type=\"heading.default\">\n\t\t\t\t\t<span class=\"elementor-heading-title elementor-size-default\">Plus 9 ligne de production<\/span>\t\t\t\t<\/div>\n\t\t\t\t\t<\/div>\n\t\t<\/div>\n\t\t\t\t\t<\/div>\n\t\t<\/section>\n\t\t\t\t<section class=\"elementor-section elementor-inner-section elementor-element elementor-element-3db3d087 elementor-section-full_width elementor-section-height-default elementor-section-height-default\" data-id=\"3db3d087\" data-element_type=\"section\" data-e-type=\"section\">\n\t\t\t\t\t\t<div class=\"elementor-container elementor-column-gap-no\">\n\t\t\t\t\t<div class=\"elementor-column elementor-col-100 elementor-inner-column elementor-element elementor-element-aaf2427\" data-id=\"aaf2427\" data-element_type=\"column\" data-e-type=\"column\">\n\t\t\t<div class=\"elementor-widget-wrap elementor-element-populated\">\n\t\t\t\t\t\t<div class=\"elementor-element elementor-element-3d036288 elementor-widget__width-initial elementor-widget elementor-widget-video\" data-id=\"3d036288\" data-element_type=\"widget\" data-e-type=\"widget\" data-settings=\"{&quot;video_type&quot;:&quot;vimeo&quot;,&quot;autoplay&quot;:&quot;yes&quot;,&quot;play_on_mobile&quot;:&quot;yes&quot;,&quot;mute&quot;:&quot;yes&quot;}\" data-widget_type=\"video.default\">\n\t\t\t\t\t\t\t<div class=\"elementor-wrapper elementor-open-inline\">\n\t\t\t<iframe class=\"elementor-video-iframe\" allowfullscreen allow=\"autoplay\" title=\"Lecteur vid\u00e9o youtube\" src=\"https:\/\/www.youtube.com\/embed\/dzVcjqS-gAI?feature=oembed&amp;autoplay=1&amp;playsinline=1&amp;color&amp;autopause=0&amp;loop=0&amp;muted=1&amp;title=1&amp;portrait=1&amp;byline=1\"><\/iframe>\t\t<\/div>\n\t\t\t\t\t\t<\/div>\n\t\t\t\t<div class=\"elementor-element elementor-element-5c30ef30 elementor-widget elementor-widget-text-editor\" data-id=\"5c30ef30\" data-element_type=\"widget\" data-e-type=\"widget\" data-widget_type=\"text-editor.default\">\n\t\t\t\t\t\t\t\t\t<p><strong>\u00a0Pourquoi choisir AROTEQ ?<\/strong><\/p><p>Parce que nous ne fabriquons pas seulement des machines \u2014 <strong>nous concevons la performance<\/strong>.<br \/>Chez AROTEQ, notre force r\u00e9side dans la cr\u00e9ation de <strong>solutions robotiques et d&rsquo;automatisation sur mesure<\/strong>, \u00e0 la fois intelligentes et fiables. Gr\u00e2ce \u00e0 une \u00e9quipe pluridisciplinaire, une approche projet hybride (agile + pr\u00e9dictive) et un engagement fort dans la collaboration client, nous transformons la complexit\u00e9 en clart\u00e9.<br \/>Nous ne sommes pas qu\u2019un fournisseur \u2014 <strong>nous sommes votre partenaire innovation<\/strong>, du concept \u00e0 la mise en service.<br \/>Choisir AROTEQ, c\u2019est faire le choix de la <strong>pr\u00e9cision, de l\u2019adaptabilit\u00e9 et de la valeur durable<\/strong>.<\/p>\t\t\t\t\t\t\t\t<\/div>\n\t\t\t\t\t<\/div>\n\t\t<\/div>\n\t\t\t\t\t<\/div>\n\t\t<\/section>\n\t\t\t\t\t<\/div>\n\t\t<\/div>\n\t\t\t\t\t<\/div>\n\t\t<\/section>\n\t\t\t\t<\/div>\n\t\t","protected":false},"excerpt":{"rendered":"<p>ing\u00e9nierie et expertise Nous sommes des r\u00e9solveurs de probl\u00e8mes. Lorsqu&rsquo;un projet complexe n\u00e9cessite des processus personnalis\u00e9s, notre \u00e9quipe d&rsquo;ing\u00e9nieurs travaille avec vous pour comprendre chaque d\u00e9tail. Voir plus Integration Robotique L\u2019int\u00e9gration robotique et l\u2019automatisation appartiennent \u00e0 la m\u00eame cat\u00e9gorie. Nous sommes fiers d\u2019\u00eatre le leader du secteur en mati\u00e8re de projets d\u2019int\u00e9gration de robotique collaborative &hellip; <\/p>\n<p class=\"link-more\"><a href=\"https:\/\/aro-teq.com\/index.php\/nos-services\/\" class=\"more-link\">Lire la suite de<span class=\"screen-reader-text\">\u00ab\u00a0Nos Services\u00a0\u00bb<\/span><\/a><\/p>\n","protected":false},"author":1,"featured_media":0,"parent":0,"menu_order":0,"comment_status":"closed","ping_status":"closed","template":"page-templates\/full-width-builder-bb.php","meta":{"inspiro_hide_title":false,"footnotes":""},"class_list":["post-6808","page","type-page","status-publish","hentry"],"featured_media_urls":[],"_links":{"self":[{"href":"https:\/\/aro-teq.com\/index.php\/wp-json\/wp\/v2\/pages\/6808","targetHints":{"allow":["GET"]}}],"collection":[{"href":"https:\/\/aro-teq.com\/index.php\/wp-json\/wp\/v2\/pages"}],"about":[{"href":"https:\/\/aro-teq.com\/index.php\/wp-json\/wp\/v2\/types\/page"}],"author":[{"embeddable":true,"href":"https:\/\/aro-teq.com\/index.php\/wp-json\/wp\/v2\/users\/1"}],"replies":[{"embeddable":true,"href":"https:\/\/aro-teq.com\/index.php\/wp-json\/wp\/v2\/comments?post=6808"}],"version-history":[{"count":34,"href":"https:\/\/aro-teq.com\/index.php\/wp-json\/wp\/v2\/pages\/6808\/revisions"}],"predecessor-version":[{"id":7050,"href":"https:\/\/aro-teq.com\/index.php\/wp-json\/wp\/v2\/pages\/6808\/revisions\/7050"}],"wp:attachment":[{"href":"https:\/\/aro-teq.com\/index.php\/wp-json\/wp\/v2\/media?parent=6808"}],"curies":[{"name":"wp","href":"https:\/\/api.w.org\/{rel}","templated":true}]}}