{"id":2,"date":"2024-11-05T14:04:32","date_gmt":"2024-11-05T13:04:32","guid":{"rendered":"http:\/\/aro-teq.com\/?page_id=2"},"modified":"2025-02-26T14:03:47","modified_gmt":"2025-02-26T13:03:47","slug":"politique","status":"publish","type":"page","link":"https:\/\/aro-teq.com\/index.php\/politique\/","title":{"rendered":"Politique de confidentialit\u00e9 d&rsquo;AROTEQ"},"content":{"rendered":"\n<p><\/p>\n\n\n\n<p>Chez AROTEQ, nous nous engageons \u00e0 prot\u00e9ger la confidentialit\u00e9 et la s\u00e9curit\u00e9 des informations personnelles de nos prospects. Cette politique de confidentialit\u00e9 d\u00e9crit comment nous collectons, utilisons et prot\u00e9geons vos donn\u00e9es.<\/p>\n\n\n\n<p>1. Collecte des donn\u00e9es personnelles<br>Nous collectons les donn\u00e9es personnelles suivantes aupr\u00e8s de nos prospects :<\/p>\n\n\n\n<p>Nom et pr\u00e9nom<br>Adresse e-mail<br>Num\u00e9ro de t\u00e9l\u00e9phone (facultatif)<br>Informations relatives \u00e0 votre entreprise (facultatif)<\/p>\n\n\n\n<p>Ces informations sont collect\u00e9es via :<br>Des formulaires de contact sur notre site web Des inscriptions \u00e0 notre newsletter<br>Des \u00e9v\u00e9nements ou salons professionnels Des \u00e9changes directs par e-mail ou t\u00e9l\u00e9phone<\/p>\n\n\n\n<p>2. Utilisation des donn\u00e9es personnelles<br>Nous utilisons vos donn\u00e9es personnelles dans le but de :<\/p>\n\n\n\n<p>Vous informer de nos nouvelles offres et nouveaut\u00e9s<br>Vous envoyer des newsletters et des communications marketing Vous inviter \u00e0 des \u00e9v\u00e9nements ou des webinaires<br>R\u00e9pondre \u00e0 vos demandes d&rsquo;information<\/p>\n\n\n\n<p><\/p>\n\n\n\n<p>. Confidentialit\u00e9 et s\u00e9curit\u00e9 des donn\u00e9es<br>Nous nous engageons \u00e0 prot\u00e9ger vos donn\u00e9es personnelles et \u00e0 les traiter de mani\u00e8re confidentielle. Nous mettons en place des mesures de s\u00e9curit\u00e9 techniques et organisationnelles appropri\u00e9es pour pr\u00e9venir tout acc\u00e8s, utilisation ou divulgation non autoris\u00e9s.<br>4. Dur\u00e9e de conservation des donn\u00e9es<br>Nous conservons vos donn\u00e9es personnelles pendant la dur\u00e9e n\u00e9cessaire \u00e0 la r\u00e9alisation des finalit\u00e9s pour lesquelles elles ont \u00e9t\u00e9 collect\u00e9es, ou jusqu&rsquo;\u00e0 ce que vous demandiez leur suppression.<\/p>\n\n\n\n<p>5. Vos droits<br>Conform\u00e9ment \u00e0 la l\u00e9gislation en vigueur sur la protection des donn\u00e9es, vous disposez des droits suivants :<\/p>\n\n\n\n<p>Droit d&rsquo;acc\u00e8s : vous pouvez demander \u00e0 acc\u00e9der \u00e0 vos donn\u00e9es personnelles et \u00e0 en obtenir une copie.<\/p>\n\n\n\n<p>Droit de rectification : vous pouvez demander \u00e0 rectifier vos donn\u00e9es personnelles si elles sont inexactes ou incompl\u00e8tes.<br>Droit de suppression : vous pouvez demander \u00e0 supprimer vos donn\u00e9es personnelles.<\/p>\n\n\n\n<p>Droit d&rsquo;opposition: Vous pouvez vous opposer a l&rsquo;utilisation de vos donn\u00e9es<\/p>\n\n\n\n<p>personnelles.<br>Pour exercer ces droits, veuillez nous contacter par e-mail \u00e0 l&rsquo;adresse suivante : aroteq@aro-teq.com.<\/p>\n\n\n\n<p>6. Modifications de la politique de confidentialit\u00e9<br>Nous nous r\u00e9servons le droit de modifier cette politique de confidentialit\u00e9 \u00e0 tout moment. Les modifications seront publi\u00e9es sur notre site web et entreront en vigueur d\u00e8s leur publication.<\/p>\n\n\n\n<p>7. Contact<br>Pour toute question ou demande concernant cette politique de confidentialit\u00e9, veuillez nous contacter \u00e0 l&rsquo;adresse suivante : aroteq@aro- teq.com.<\/p>\n\n\n\n<p><\/p>\n","protected":false},"excerpt":{"rendered":"<p>Chez AROTEQ, nous nous engageons \u00e0 prot\u00e9ger la confidentialit\u00e9 et la s\u00e9curit\u00e9 des informations personnelles de nos prospects. Cette politique de confidentialit\u00e9 d\u00e9crit comment nous collectons, utilisons et prot\u00e9geons vos donn\u00e9es. 1. Collecte des donn\u00e9es personnellesNous collectons les donn\u00e9es personnelles suivantes aupr\u00e8s de nos prospects : Nom et pr\u00e9nomAdresse e-mailNum\u00e9ro de t\u00e9l\u00e9phone (facultatif)Informations relatives \u00e0 &hellip; <\/p>\n<p class=\"link-more\"><a href=\"https:\/\/aro-teq.com\/index.php\/politique\/\" class=\"more-link\">Lire la suite de<span class=\"screen-reader-text\">\u00ab\u00a0Politique de confidentialit\u00e9 d&rsquo;AROTEQ\u00a0\u00bb<\/span><\/a><\/p>\n","protected":false},"author":1,"featured_media":0,"parent":0,"menu_order":0,"comment_status":"closed","ping_status":"closed","template":"","meta":{"inspiro_hide_title":false,"footnotes":""},"class_list":["post-2","page","type-page","status-publish","hentry"],"featured_media_urls":[],"_links":{"self":[{"href":"https:\/\/aro-teq.com\/index.php\/wp-json\/wp\/v2\/pages\/2","targetHints":{"allow":["GET"]}}],"collection":[{"href":"https:\/\/aro-teq.com\/index.php\/wp-json\/wp\/v2\/pages"}],"about":[{"href":"https:\/\/aro-teq.com\/index.php\/wp-json\/wp\/v2\/types\/page"}],"author":[{"embeddable":true,"href":"https:\/\/aro-teq.com\/index.php\/wp-json\/wp\/v2\/users\/1"}],"replies":[{"embeddable":true,"href":"https:\/\/aro-teq.com\/index.php\/wp-json\/wp\/v2\/comments?post=2"}],"version-history":[{"count":2,"href":"https:\/\/aro-teq.com\/index.php\/wp-json\/wp\/v2\/pages\/2\/revisions"}],"predecessor-version":[{"id":6848,"href":"https:\/\/aro-teq.com\/index.php\/wp-json\/wp\/v2\/pages\/2\/revisions\/6848"}],"wp:attachment":[{"href":"https:\/\/aro-teq.com\/index.php\/wp-json\/wp\/v2\/media?parent=2"}],"curies":[{"name":"wp","href":"https:\/\/api.w.org\/{rel}","templated":true}]}}